{"id":880,"date":"2019-02-24T19:59:41","date_gmt":"2019-02-24T22:59:41","guid":{"rendered":"https:\/\/teixeiralab.org\/?page_id=880"},"modified":"2019-09-26T10:58:53","modified_gmt":"2019-09-26T13:58:53","slug":"vagas","status":"publish","type":"page","link":"https:\/\/teixeiralab.org\/en\/vagas\/","title":{"rendered":"Join us"},"content":{"rendered":"<div data-elementor-type=\"wp-post\" data-elementor-id=\"880\" class=\"elementor elementor-880\">\n\t\t\t\t\t\t<section class=\"elementor-section elementor-top-section elementor-element elementor-element-6450a916 elementor-section-content-middle elementor-section-boxed elementor-section-height-default elementor-section-height-default\" data-id=\"6450a916\" data-element_type=\"section\">\n\t\t\t\t\t\t<div class=\"elementor-container elementor-column-gap-no\">\n\t\t\t\t\t<div class=\"elementor-column elementor-col-100 elementor-top-column elementor-element elementor-element-3d97dd17\" data-id=\"3d97dd17\" data-element_type=\"column\">\n\t\t\t<div class=\"elementor-widget-wrap elementor-element-populated\">\n\t\t\t\t\t\t<div class=\"elementor-element elementor-element-0f8c252 elementor-widget elementor-widget-heading\" data-id=\"0f8c252\" data-element_type=\"widget\" data-widget_type=\"heading.default\">\n\t\t\t\t<div class=\"elementor-widget-container\">\n\t\t\t\t\t<h5 class=\"elementor-heading-title elementor-size-default\">Estamos recrutando!<\/h5>\t\t\t\t<\/div>\n\t\t\t\t<\/div>\n\t\t\t\t<div class=\"elementor-element elementor-element-ff35eae elementor-widget elementor-widget-text-editor\" data-id=\"ff35eae\" data-element_type=\"widget\" data-widget_type=\"text-editor.default\">\n\t\t\t\t<div class=\"elementor-widget-container\">\n\t\t\t\t\t\t\t\t\t<p>O Laborat\u00f3rio de Gen\u00e9tica e Imunologia de Plantas est\u00e1 buscando alunos de inicia\u00e7\u00e3o cient\u00edfica, mestrado e doutorado, bem como pesquisadores de p\u00f3s-doutorado, que tenham interesse em trabalhar em uma de nossas linhas de pesquisa. Os interessados podem se candidatar a uma das nossas bolsas e\/ou solicitar financiamento diretamente a ag\u00eancias de fomento (Fapesp, CNPq). Entre em contato para mais informa\u00e7\u00f5es sobre projetos, programas de p\u00f3s-gradua\u00e7\u00e3o e outras oportunidades.<\/p>\t\t\t\t\t\t\t\t<\/div>\n\t\t\t\t<\/div>\n\t\t\t\t\t<\/div>\n\t\t<\/div>\n\t\t\t\t\t<\/div>\n\t\t<\/section>\n\t\t\t\t<section class=\"elementor-section elementor-top-section elementor-element elementor-element-6b99312 elementor-section-boxed elementor-section-height-default elementor-section-height-default\" data-id=\"6b99312\" data-element_type=\"section\">\n\t\t\t\t\t\t<div class=\"elementor-container elementor-column-gap-default\">\n\t\t\t\t\t<div class=\"elementor-column elementor-col-100 elementor-top-column elementor-element elementor-element-27e0129\" data-id=\"27e0129\" data-element_type=\"column\">\n\t\t\t<div class=\"elementor-widget-wrap elementor-element-populated\">\n\t\t\t\t\t\t<div class=\"elementor-element elementor-element-0201a9f elementor-widget elementor-widget-heading\" data-id=\"0201a9f\" data-element_type=\"widget\" data-widget_type=\"heading.default\">\n\t\t\t\t<div class=\"elementor-widget-container\">\n\t\t\t\t\t<h2 class=\"elementor-heading-title elementor-size-default\">Potenciais projetos<\/h2>\t\t\t\t<\/div>\n\t\t\t\t<\/div>\n\t\t\t\t<div class=\"elementor-element elementor-element-d922012 elementor-widget elementor-widget-text-editor\" data-id=\"d922012\" data-element_type=\"widget\" data-widget_type=\"text-editor.default\">\n\t\t\t\t<div class=\"elementor-widget-container\">\n\t\t\t\t\t\t\t\t\t<ol>\n \t<li>Estabelecimento de metodologias para manipula\u00e7\u00e3o gen\u00e9tica de pat\u00f3genos por CRISPR\/Cas<\/li>\n \t<li>Estudo funcional de fatores de virul\u00eancia de microrganismos patog\u00eanicos<\/li>\n \t<li>Identifica\u00e7\u00e3o de receptores imunes de plantas capazes estabelecer resist\u00eancia contra pat\u00f3genos<\/li>\n \t<li>Gen\u00f4mica comparativa de fitopat\u00f3genos<\/li>\n \t<li>Avalia\u00e7\u00e3o do impacto de doen\u00e7as no microbioma de plantas<\/li>\n<\/ol>\t\t\t\t\t\t\t\t<\/div>\n\t\t\t\t<\/div>\n\t\t\t\t\t<\/div>\n\t\t<\/div>\n\t\t\t\t\t<\/div>\n\t\t<\/section>\n\t\t\t\t<section class=\"elementor-section elementor-top-section elementor-element elementor-element-2bf993d9 elementor-section-boxed elementor-section-height-default elementor-section-height-default\" data-id=\"2bf993d9\" data-element_type=\"section\" data-settings=\"{&quot;background_background&quot;:&quot;classic&quot;}\">\n\t\t\t\t\t\t<div class=\"elementor-container elementor-column-gap-default\">\n\t\t\t\t\t<div class=\"elementor-column elementor-col-100 elementor-top-column elementor-element elementor-element-52d848f2\" data-id=\"52d848f2\" data-element_type=\"column\">\n\t\t\t<div class=\"elementor-widget-wrap elementor-element-populated\">\n\t\t\t\t\t\t<div class=\"elementor-element elementor-element-694e7670 elementor-widget elementor-widget-heading\" data-id=\"694e7670\" data-element_type=\"widget\" data-widget_type=\"heading.default\">\n\t\t\t\t<div class=\"elementor-widget-container\">\n\t\t\t\t\t<h3 class=\"elementor-heading-title elementor-size-small\">Support<\/h3>\t\t\t\t<\/div>\n\t\t\t\t<\/div>\n\t\t\t\t<section class=\"elementor-section elementor-inner-section elementor-element elementor-element-4238f8e8 elementor-section-boxed elementor-section-height-default elementor-section-height-default\" data-id=\"4238f8e8\" data-element_type=\"section\">\n\t\t\t\t\t\t<div class=\"elementor-container elementor-column-gap-extended\">\n\t\t\t\t\t<div class=\"elementor-column elementor-col-25 elementor-inner-column elementor-element elementor-element-7a80b078\" data-id=\"7a80b078\" data-element_type=\"column\">\n\t\t\t<div class=\"elementor-widget-wrap elementor-element-populated\">\n\t\t\t\t\t\t<div class=\"elementor-element elementor-element-6e6cbb11 elementor-widget elementor-widget-image\" data-id=\"6e6cbb11\" data-element_type=\"widget\" data-widget_type=\"image.default\">\n\t\t\t\t<div class=\"elementor-widget-container\">\n\t\t\t\t\t\t\t\t\t\t\t\t\t\t\t<img fetchpriority=\"high\" decoding=\"async\" width=\"1024\" height=\"360\" src=\"https:\/\/teixeiralab.org\/wp-content\/uploads\/2019\/02\/pew_logo_white-1024x360.png\" class=\"attachment-large size-large wp-image-837\" alt=\"\" srcset=\"https:\/\/teixeiralab.org\/wp-content\/uploads\/2019\/02\/pew_logo_white-1024x360.png 1024w, https:\/\/teixeiralab.org\/wp-content\/uploads\/2019\/02\/pew_logo_white-300x105.png 300w, https:\/\/teixeiralab.org\/wp-content\/uploads\/2019\/02\/pew_logo_white-768x270.png 768w, https:\/\/teixeiralab.org\/wp-content\/uploads\/2019\/02\/pew_logo_white.png 1485w\" sizes=\"(max-width: 1024px) 100vw, 1024px\" \/>\t\t\t\t\t\t\t\t\t\t\t\t\t\t\t<\/div>\n\t\t\t\t<\/div>\n\t\t\t\t\t<\/div>\n\t\t<\/div>\n\t\t\t\t<div class=\"elementor-column elementor-col-25 elementor-inner-column elementor-element elementor-element-1e9ab555\" data-id=\"1e9ab555\" data-element_type=\"column\">\n\t\t\t<div class=\"elementor-widget-wrap elementor-element-populated\">\n\t\t\t\t\t\t<div class=\"elementor-element elementor-element-7022c9dc elementor-widget elementor-widget-image\" data-id=\"7022c9dc\" data-element_type=\"widget\" data-widget_type=\"image.default\">\n\t\t\t\t<div class=\"elementor-widget-container\">\n\t\t\t\t\t\t\t\t\t\t\t\t\t\t\t<img decoding=\"async\" width=\"300\" height=\"95\" src=\"https:\/\/teixeiralab.org\/wp-content\/uploads\/2019\/02\/cnpq-300x95.png\" class=\"attachment-medium size-medium wp-image-828\" alt=\"\" srcset=\"https:\/\/teixeiralab.org\/wp-content\/uploads\/2019\/02\/cnpq-300x95.png 300w, https:\/\/teixeiralab.org\/wp-content\/uploads\/2019\/02\/cnpq-768x242.png 768w, https:\/\/teixeiralab.org\/wp-content\/uploads\/2019\/02\/cnpq-1024x323.png 1024w, https:\/\/teixeiralab.org\/wp-content\/uploads\/2019\/02\/cnpq.png 1324w\" sizes=\"(max-width: 300px) 100vw, 300px\" \/>\t\t\t\t\t\t\t\t\t\t\t\t\t\t\t<\/div>\n\t\t\t\t<\/div>\n\t\t\t\t\t<\/div>\n\t\t<\/div>\n\t\t\t\t<div class=\"elementor-column elementor-col-25 elementor-inner-column elementor-element elementor-element-23add982\" data-id=\"23add982\" data-element_type=\"column\">\n\t\t\t<div class=\"elementor-widget-wrap elementor-element-populated\">\n\t\t\t\t\t\t<div class=\"elementor-element elementor-element-4a67f8a8 elementor-widget elementor-widget-image\" data-id=\"4a67f8a8\" data-element_type=\"widget\" data-widget_type=\"image.default\">\n\t\t\t\t<div class=\"elementor-widget-container\">\n\t\t\t\t\t\t\t\t\t\t\t\t\t\t\t<img decoding=\"async\" width=\"1024\" height=\"323\" src=\"https:\/\/teixeiralab.org\/wp-content\/uploads\/2019\/02\/fapesp-1024x323.png\" class=\"attachment-large size-large wp-image-829\" alt=\"\" srcset=\"https:\/\/teixeiralab.org\/wp-content\/uploads\/2019\/02\/fapesp-1024x323.png 1024w, https:\/\/teixeiralab.org\/wp-content\/uploads\/2019\/02\/fapesp-300x95.png 300w, https:\/\/teixeiralab.org\/wp-content\/uploads\/2019\/02\/fapesp-768x242.png 768w, https:\/\/teixeiralab.org\/wp-content\/uploads\/2019\/02\/fapesp.png 1324w\" sizes=\"(max-width: 1024px) 100vw, 1024px\" \/>\t\t\t\t\t\t\t\t\t\t\t\t\t\t\t<\/div>\n\t\t\t\t<\/div>\n\t\t\t\t\t<\/div>\n\t\t<\/div>\n\t\t\t\t<div class=\"elementor-column elementor-col-25 elementor-inner-column elementor-element elementor-element-380b04b6\" data-id=\"380b04b6\" data-element_type=\"column\">\n\t\t\t<div class=\"elementor-widget-wrap elementor-element-populated\">\n\t\t\t\t\t\t<div class=\"elementor-element elementor-element-7f39a4c2 elementor-widget elementor-widget-image\" data-id=\"7f39a4c2\" data-element_type=\"widget\" data-widget_type=\"image.default\">\n\t\t\t\t<div class=\"elementor-widget-container\">\n\t\t\t\t\t\t\t\t\t\t\t\t\t\t\t<img loading=\"lazy\" decoding=\"async\" width=\"406\" height=\"168\" src=\"https:\/\/teixeiralab.org\/wp-content\/uploads\/2019\/05\/serrapilheira_white.png\" class=\"attachment-large size-large wp-image-1109\" alt=\"\" srcset=\"https:\/\/teixeiralab.org\/wp-content\/uploads\/2019\/05\/serrapilheira_white.png 406w, https:\/\/teixeiralab.org\/wp-content\/uploads\/2019\/05\/serrapilheira_white-300x124.png 300w\" sizes=\"(max-width: 406px) 100vw, 406px\" \/>\t\t\t\t\t\t\t\t\t\t\t\t\t\t\t<\/div>\n\t\t\t\t<\/div>\n\t\t\t\t\t<\/div>\n\t\t<\/div>\n\t\t\t\t\t<\/div>\n\t\t<\/section>\n\t\t\t\t<div class=\"elementor-element elementor-element-37ebbd4 elementor-widget elementor-widget-text-editor\" data-id=\"37ebbd4\" data-element_type=\"widget\" data-widget_type=\"text-editor.default\">\n\t\t\t\t<div class=\"elementor-widget-container\">\n\t\t\t\t\t\t\t\t\t<p style=\"text-align: center;\">\u00a9 2019 Paulo Teixeira<\/p>\t\t\t\t\t\t\t\t<\/div>\n\t\t\t\t<\/div>\n\t\t\t\t\t<\/div>\n\t\t<\/div>\n\t\t\t\t\t<\/div>\n\t\t<\/section>\n\t\t\t\t<\/div>","protected":false},"excerpt":{"rendered":"<p>Estamos recrutando! O Laborat\u00f3rio de Gen\u00e9tica e Imunologia de Plantas est\u00e1 buscando alunos de inicia\u00e7\u00e3o cient\u00edfica, mestrado e doutorado, bem como pesquisadores de p\u00f3s-doutorado, que tenham interesse em trabalhar em uma de nossas linhas de pesquisa. Os interessados podem se candidatar a uma das nossas bolsas e\/ou solicitar financiamento diretamente a ag\u00eancias de fomento (Fapesp, [&hellip;]<\/p>","protected":false},"author":1,"featured_media":0,"parent":0,"menu_order":0,"comment_status":"closed","ping_status":"closed","template":"","meta":{"_exactmetrics_skip_tracking":false,"_exactmetrics_sitenote_active":false,"_exactmetrics_sitenote_note":"","_exactmetrics_sitenote_category":0,"ocean_post_layout":"full-screen","ocean_both_sidebars_style":"","ocean_both_sidebars_content_width":0,"ocean_both_sidebars_sidebars_width":0,"ocean_sidebar":"0","ocean_second_sidebar":"0","ocean_disable_margins":"on","ocean_add_body_class":"","ocean_shortcode_before_top_bar":"","ocean_shortcode_after_top_bar":"","ocean_shortcode_before_header":"","ocean_shortcode_after_header":"","ocean_has_shortcode":"","ocean_shortcode_after_title":"","ocean_shortcode_before_footer_widgets":"","ocean_shortcode_after_footer_widgets":"","ocean_shortcode_before_footer_bottom":"","ocean_shortcode_after_footer_bottom":"","ocean_display_top_bar":"off","ocean_display_header":"default","ocean_header_style":"minimal","ocean_center_header_left_menu":"0","ocean_custom_header_template":"0","ocean_custom_logo":0,"ocean_custom_retina_logo":0,"ocean_custom_logo_max_width":0,"ocean_custom_logo_tablet_max_width":0,"ocean_custom_logo_mobile_max_width":0,"ocean_custom_logo_max_height":0,"ocean_custom_logo_tablet_max_height":0,"ocean_custom_logo_mobile_max_height":0,"ocean_header_custom_menu":"2","ocean_menu_typo_font_family":"0","ocean_menu_typo_font_subset":"","ocean_menu_typo_font_size":0,"ocean_menu_typo_font_size_tablet":0,"ocean_menu_typo_font_size_mobile":0,"ocean_menu_typo_font_size_unit":"px","ocean_menu_typo_font_weight":"","ocean_menu_typo_font_weight_tablet":"","ocean_menu_typo_font_weight_mobile":"","ocean_menu_typo_transform":"","ocean_menu_typo_transform_tablet":"","ocean_menu_typo_transform_mobile":"","ocean_menu_typo_line_height":0,"ocean_menu_typo_line_height_tablet":0,"ocean_menu_typo_line_height_mobile":0,"ocean_menu_typo_line_height_unit":"","ocean_menu_typo_spacing":0,"ocean_menu_typo_spacing_tablet":0,"ocean_menu_typo_spacing_mobile":0,"ocean_menu_typo_spacing_unit":"","ocean_menu_link_color":"","ocean_menu_link_color_hover":"","ocean_menu_link_color_active":"","ocean_menu_link_background":"","ocean_menu_link_hover_background":"","ocean_menu_link_active_background":"","ocean_menu_social_links_bg":"","ocean_menu_social_hover_links_bg":"","ocean_menu_social_links_color":"","ocean_menu_social_hover_links_color":"","ocean_disable_title":"on","ocean_disable_heading":"default","ocean_post_title":"","ocean_post_subheading":"","ocean_post_title_style":"","ocean_post_title_background_color":"","ocean_post_title_background":0,"ocean_post_title_bg_image_position":"","ocean_post_title_bg_image_attachment":"","ocean_post_title_bg_image_repeat":"","ocean_post_title_bg_image_size":"","ocean_post_title_height":0,"ocean_post_title_bg_overlay":0.5,"ocean_post_title_bg_overlay_color":"","ocean_disable_breadcrumbs":"default","ocean_breadcrumbs_color":"","ocean_breadcrumbs_separator_color":"","ocean_breadcrumbs_links_color":"","ocean_breadcrumbs_links_hover_color":"","ocean_display_footer_widgets":"default","ocean_display_footer_bottom":"default","ocean_custom_footer_template":"0","footnotes":""},"class_list":["post-880","page","type-page","status-publish","hentry","entry"],"_links":{"self":[{"href":"https:\/\/teixeiralab.org\/en\/wp-json\/wp\/v2\/pages\/880","targetHints":{"allow":["GET"]}}],"collection":[{"href":"https:\/\/teixeiralab.org\/en\/wp-json\/wp\/v2\/pages"}],"about":[{"href":"https:\/\/teixeiralab.org\/en\/wp-json\/wp\/v2\/types\/page"}],"author":[{"embeddable":true,"href":"https:\/\/teixeiralab.org\/en\/wp-json\/wp\/v2\/users\/1"}],"replies":[{"embeddable":true,"href":"https:\/\/teixeiralab.org\/en\/wp-json\/wp\/v2\/comments?post=880"}],"version-history":[{"count":43,"href":"https:\/\/teixeiralab.org\/en\/wp-json\/wp\/v2\/pages\/880\/revisions"}],"predecessor-version":[{"id":1146,"href":"https:\/\/teixeiralab.org\/en\/wp-json\/wp\/v2\/pages\/880\/revisions\/1146"}],"wp:attachment":[{"href":"https:\/\/teixeiralab.org\/en\/wp-json\/wp\/v2\/media?parent=880"}],"curies":[{"name":"wp","href":"https:\/\/api.w.org\/{rel}","templated":true}]}}