{"id":289,"date":"2019-02-20T05:43:27","date_gmt":"2019-02-20T08:43:27","guid":{"rendered":"https:\/\/teixeiralab.org\/?page_id=289"},"modified":"2023-03-08T20:18:05","modified_gmt":"2023-03-08T23:18:05","slug":"projetos","status":"publish","type":"page","link":"https:\/\/teixeiralab.org\/en\/projetos\/","title":{"rendered":"Projects"},"content":{"rendered":"<div data-elementor-type=\"wp-post\" data-elementor-id=\"289\" class=\"elementor elementor-289\">\n\t\t\t\t\t\t<section class=\"elementor-section elementor-top-section elementor-element elementor-element-384c612 elementor-section-boxed elementor-section-height-default elementor-section-height-default\" data-id=\"384c612\" data-element_type=\"section\">\n\t\t\t\t\t\t<div class=\"elementor-container elementor-column-gap-default\">\n\t\t\t\t\t<div class=\"elementor-column elementor-col-100 elementor-top-column elementor-element elementor-element-d89ee3c\" data-id=\"d89ee3c\" data-element_type=\"column\">\n\t\t\t<div class=\"elementor-widget-wrap elementor-element-populated\">\n\t\t\t\t\t\t<div class=\"elementor-element elementor-element-610dcf0 eael-fg-card-content-align-left elementor-widget elementor-widget-eael-filterable-gallery\" data-id=\"610dcf0\" data-element_type=\"widget\" data-widget_type=\"eael-filterable-gallery.default\">\n\t\t\t\t<div class=\"elementor-widget-container\">\n\t\t\t\t\t<style id=\"eael-fg-inline-css-610dcf0\">@media only screen and (max-width: 2399px) {\n\t\t\t\t\t.elementor-element.elementor-element-610dcf0 .eael-filterable-gallery-item-wrap {\n\t\t\t\t\t        width: 33.333333333333%;\n\t\t\t\t\t    }\n\t\t\t\t\t}@media only screen and (max-width: 1024px) {\n\t\t\t\t\t.elementor-element.elementor-element-610dcf0  .eael-filterable-gallery-item-wrap {\n\t\t\t\t\t        width: 50%;\n\t\t\t\t\t    }\n\t\t\t\t\t}@media only screen and (max-width: 767px) {\n\t\t\t\t\t.elementor-element.elementor-element-610dcf0  .eael-filterable-gallery-item-wrap {\n\t\t\t\t\t        width: 100%;\n\t\t\t\t\t    }\n\t\t\t\t\t}<\/style>        <div id=\"eael-filter-gallery-wrapper-610dcf0\" class=\"eael-filter-gallery-wrapper\" data-layout-mode=\"card\" data-breakpoints=\"{&quot;mobile&quot;:{&quot;label&quot;:&quot;Mobile Portrait&quot;,&quot;value&quot;:767,&quot;default_value&quot;:767,&quot;direction&quot;:&quot;max&quot;,&quot;is_enabled&quot;:true},&quot;mobile_extra&quot;:{&quot;label&quot;:&quot;Mobile Landscape&quot;,&quot;value&quot;:880,&quot;default_value&quot;:880,&quot;direction&quot;:&quot;max&quot;,&quot;is_enabled&quot;:false},&quot;tablet&quot;:{&quot;label&quot;:&quot;Tablet Portrait&quot;,&quot;value&quot;:1024,&quot;default_value&quot;:1024,&quot;direction&quot;:&quot;max&quot;,&quot;is_enabled&quot;:true},&quot;tablet_extra&quot;:{&quot;label&quot;:&quot;Tablet Landscape&quot;,&quot;value&quot;:1200,&quot;default_value&quot;:1200,&quot;direction&quot;:&quot;max&quot;,&quot;is_enabled&quot;:false},&quot;laptop&quot;:{&quot;label&quot;:&quot;Laptop&quot;,&quot;value&quot;:1366,&quot;default_value&quot;:1366,&quot;direction&quot;:&quot;max&quot;,&quot;is_enabled&quot;:false},&quot;widescreen&quot;:{&quot;label&quot;:&quot;Widescreen&quot;,&quot;value&quot;:2400,&quot;default_value&quot;:2400,&quot;direction&quot;:&quot;min&quot;,&quot;is_enabled&quot;:false}}\" data-default_control_key=\"0\" data-custom_default_control=\"1\">\n                    <div class=\"eael-filter-gallery-container eael-filter-gallery-grid\" data-images-per-page=\"\" data-total-gallery-items=\"3\" data-nomore-item-text=\"\" data-is-randomize=\"no\" data-settings=\"{&quot;grid_style&quot;:&quot;grid&quot;,&quot;popup&quot;:&quot;none&quot;,&quot;duration&quot;:500,&quot;gallery_enabled&quot;:&quot;&quot;,&quot;video_gallery_yt_privacy&quot;:&quot;&quot;,&quot;control_all_text&quot;:null,&quot;post_id&quot;:289,&quot;widget_id&quot;:&quot;610dcf0&quot;}\" data-search-all=\"\" data-gallery-items=\"WyI8ZGl2IGNsYXNzPVwiZWFlbC1maWx0ZXJhYmxlLWdhbGxlcnktaXRlbS13cmFwIGVhZWwtY2YtY2FjYXVcIj5cblx0XHRcdFx0PGRpdiBjbGFzcz1cImVhZWwtZ2FsbGVyeS1ncmlkLWl0ZW1cIj48ZGl2IGNsYXNzPVwiZ2FsbGVyeS1pdGVtLXRodW1ibmFpbC13cmFwXCI+PGltZyBzcmM9XCJodHRwczpcL1wvdGVpeGVpcmFsYWIub3JnXC93cC1jb250ZW50XC91cGxvYWRzXC8yMDE5XC8wMlwvY2FjYW8tY2xvc2UtdXAtY29jb2EtNTA3MDctZTE1NTEwNjM1Nzc3NTEuanBnXCIgZGF0YS1sYXp5LXNyYz1cImh0dHBzOlwvXC90ZWl4ZWlyYWxhYi5vcmdcL3dwLWNvbnRlbnRcL3VwbG9hZHNcLzIwMTlcLzAyXC9jYWNhby1jbG9zZS11cC1jb2NvYS01MDcwNy1lMTU1MTA2MzU3Nzc1MS5qcGdcIiBhbHQ9XCJEb2VuXHUwMGU3YXMgZG8gY2FjYXVlaXJvXCIgY2xhc3M9XCJnYWxsZXJ5LWl0ZW0tdGh1bWJuYWlsXCI+PFwvZGl2PjxkaXYgY2xhc3M9XCJnYWxsZXJ5LWl0ZW0tY2FwdGlvbi13cmFwIGNhcHRpb24tc3R5bGUtY2FyZCBcIj48ZGl2IGNsYXNzPVwiZ2FsbGVyeS1pdGVtLWNhcHRpb24tb3ZlclwiPjxoMiBjbGFzcz1cImZnLWl0ZW0tdGl0bGVcIj5Eb2VuXHUwMGU3YXMgZG8gY2FjYXVlaXJvPFwvaDI+PGRpdiBjbGFzcz1cImZnLWl0ZW0tY29udGVudFwiPjxwPlF1YWlzIG9zIG1lY2FuaXNtb3MgbW9sZWN1bGFyZXMgZGEgdmlydWxcdTAwZWFuY2lhIGRlIGZ1bmdvcyBlIG9vbWljZXRvcyBxdWUgaW5mZWN0YW0gbyBjYWNhdWVpcm8\/IDxcL3A+XG48XC9kaXY+PFwvZGl2PjxcL2Rpdj48XC9kaXY+PFwvZGl2PiIsIjxkaXYgY2xhc3M9XCJlYWVsLWZpbHRlcmFibGUtZ2FsbGVyeS1pdGVtLXdyYXAgZWFlbC1jZi1jaXRydXNcIj5cblx0XHRcdFx0PGRpdiBjbGFzcz1cImVhZWwtZ2FsbGVyeS1ncmlkLWl0ZW1cIj48ZGl2IGNsYXNzPVwiZ2FsbGVyeS1pdGVtLXRodW1ibmFpbC13cmFwXCI+PGltZyBzcmM9XCJodHRwczpcL1wvdGVpeGVpcmFsYWIub3JnXC93cC1jb250ZW50XC91cGxvYWRzXC8yMDE5XC8wNFwvY2l0cnVzLWNsb3NlLXVwLWNyb3AtMTI5NTc0LmpwZ1wiIGRhdGEtbGF6eS1zcmM9XCJodHRwczpcL1wvdGVpeGVpcmFsYWIub3JnXC93cC1jb250ZW50XC91cGxvYWRzXC8yMDE5XC8wNFwvY2l0cnVzLWNsb3NlLXVwLWNyb3AtMTI5NTc0LmpwZ1wiIGFsdD1cIlJlc2lzdFx1MDBlYW5jaWEgZGUgblx1MDBlM28taG9zcGVkZWlyb1wiIGNsYXNzPVwiZ2FsbGVyeS1pdGVtLXRodW1ibmFpbFwiPjxcL2Rpdj48ZGl2IGNsYXNzPVwiZ2FsbGVyeS1pdGVtLWNhcHRpb24td3JhcCBjYXB0aW9uLXN0eWxlLWNhcmQgXCI+PGRpdiBjbGFzcz1cImdhbGxlcnktaXRlbS1jYXB0aW9uLW92ZXJcIj48aDIgY2xhc3M9XCJmZy1pdGVtLXRpdGxlXCI+UmVzaXN0XHUwMGVhbmNpYSBkZSBuXHUwMGUzby1ob3NwZWRlaXJvPFwvaDI+PGRpdiBjbGFzcz1cImZnLWl0ZW0tY29udGVudFwiPjxwPlBvciBxdWUgdW1hIGJhY3RcdTAwZTlyaWEgcGF0b2dcdTAwZWFuaWNhIGVtIGNpdHJvcyBcdTAwZTkgaW5jYXBheiBkZSBpbmZlY3RhciBmZWlqXHUwMGUzbywgdGFiYWNvIGUgb3V0cmFzIHBsYW50YXM\/PFwvcD5cbjxcL2Rpdj48XC9kaXY+PFwvZGl2PjxcL2Rpdj48XC9kaXY+IiwiPGRpdiBjbGFzcz1cImVhZWwtZmlsdGVyYWJsZS1nYWxsZXJ5LWl0ZW0td3JhcCBlYWVsLWNmLXNvamFcIj5cblx0XHRcdFx0PGRpdiBjbGFzcz1cImVhZWwtZ2FsbGVyeS1ncmlkLWl0ZW1cIj48ZGl2IGNsYXNzPVwiZ2FsbGVyeS1pdGVtLXRodW1ibmFpbC13cmFwXCI+PGltZyBzcmM9XCJodHRwczpcL1wvdGVpeGVpcmFsYWIub3JnXC93cC1jb250ZW50XC91cGxvYWRzXC8yMDE5XC8wNFwvU295YmVhbl9ydXN0LmpwZ1wiIGRhdGEtbGF6eS1zcmM9XCJodHRwczpcL1wvdGVpeGVpcmFsYWIub3JnXC93cC1jb250ZW50XC91cGxvYWRzXC8yMDE5XC8wNFwvU295YmVhbl9ydXN0LmpwZ1wiIGFsdD1cIk1pY3JvYmlvbWEgZGEgc29qYVwiIGNsYXNzPVwiZ2FsbGVyeS1pdGVtLXRodW1ibmFpbFwiPjxcL2Rpdj48ZGl2IGNsYXNzPVwiZ2FsbGVyeS1pdGVtLWNhcHRpb24td3JhcCBjYXB0aW9uLXN0eWxlLWNhcmQgXCI+PGRpdiBjbGFzcz1cImdhbGxlcnktaXRlbS1jYXB0aW9uLW92ZXJcIj48aDIgY2xhc3M9XCJmZy1pdGVtLXRpdGxlXCI+TWljcm9iaW9tYSBkYSBzb2phPFwvaDI+PGRpdiBjbGFzcz1cImZnLWl0ZW0tY29udGVudFwiPjxwPkEgY29tdW5pZGFkZSBkZSBtaWNyb3JnYW5pc21vcyBxdWUgaGFiaXRhbSBhIGZvbGhhIGRhIHNvamEgXHUwMGU5IGFsdGVyYWRhIHBlbGEgZmVycnVnZW0gYXNpXHUwMGUxdGljYT88XC9wPlxuPFwvZGl2PjxcL2Rpdj48XC9kaXY+PFwvZGl2PjxcL2Rpdj4iXQ==\" data-init-show=\"3\">\n            <div class=\"eael-filterable-gallery-item-wrap eael-cf-cacau\">\n\t\t\t\t<div class=\"eael-gallery-grid-item\"><div class=\"gallery-item-thumbnail-wrap\"><img decoding=\"async\" src=\"https:\/\/teixeiralab.org\/wp-content\/uploads\/2019\/02\/cacao-close-up-cocoa-50707-e1551063577751.jpg\" data-lazy-src=\"https:\/\/teixeiralab.org\/wp-content\/uploads\/2019\/02\/cacao-close-up-cocoa-50707-e1551063577751.jpg\" alt=\"Doen\u00e7as do cacaueiro\" class=\"gallery-item-thumbnail\"><\/div><div class=\"gallery-item-caption-wrap caption-style-card\"><div class=\"gallery-item-caption-over\"><h2 class=\"fg-item-title\">Cacao diseases<\/h2><div class=\"fg-item-content\"><p>What are the virulence mechanisms used by fungi and oomycetes that infect cacao? <\/p>\n<\/div><\/div><\/div><\/div><\/div><div class=\"eael-filterable-gallery-item-wrap eael-cf-citrus\">\n\t\t\t\t<div class=\"eael-gallery-grid-item\"><div class=\"gallery-item-thumbnail-wrap\"><img decoding=\"async\" src=\"https:\/\/teixeiralab.org\/wp-content\/uploads\/2019\/04\/citrus-close-up-crop-129574.jpg\" data-lazy-src=\"https:\/\/teixeiralab.org\/wp-content\/uploads\/2019\/04\/citrus-close-up-crop-129574.jpg\" alt=\"Resist\u00eancia de n\u00e3o-hospedeiro\" class=\"gallery-item-thumbnail\"><\/div><div class=\"gallery-item-caption-wrap caption-style-card\"><div class=\"gallery-item-caption-over\"><h2 class=\"fg-item-title\">Non-host resistance<\/h2><div class=\"fg-item-content\"><p>Why is a citrus bacterial pathogen unable to infect beans, tobacco and other plants?<\/p>\n<\/div><\/div><\/div><\/div><\/div><div class=\"eael-filterable-gallery-item-wrap eael-cf-soja\">\n\t\t\t\t<div class=\"eael-gallery-grid-item\"><div class=\"gallery-item-thumbnail-wrap\"><img decoding=\"async\" src=\"https:\/\/teixeiralab.org\/wp-content\/uploads\/2019\/04\/Soybean_rust.jpg\" data-lazy-src=\"https:\/\/teixeiralab.org\/wp-content\/uploads\/2019\/04\/Soybean_rust.jpg\" alt=\"Microbioma da soja\" class=\"gallery-item-thumbnail\"><\/div><div class=\"gallery-item-caption-wrap caption-style-card\"><div class=\"gallery-item-caption-over\"><h2 class=\"fg-item-title\">The soybean microbiome<\/h2><div class=\"fg-item-content\"><p>Does the soybean leaf microbial community respond to Asian rust?<\/p>\n<\/div><\/div><\/div><\/div><\/div>        <\/div>\n                <\/div>\n        \n        \t\t\t\t<\/div>\n\t\t\t\t<\/div>\n\t\t\t\t\t<\/div>\n\t\t<\/div>\n\t\t\t\t\t<\/div>\n\t\t<\/section>\n\t\t\t\t<section class=\"elementor-section elementor-top-section elementor-element elementor-element-2ea377bf elementor-section-boxed elementor-section-height-default elementor-section-height-default\" data-id=\"2ea377bf\" data-element_type=\"section\" data-settings=\"{&quot;background_background&quot;:&quot;classic&quot;}\">\n\t\t\t\t\t\t<div class=\"elementor-container elementor-column-gap-default\">\n\t\t\t\t\t<div class=\"elementor-column elementor-col-100 elementor-top-column elementor-element elementor-element-39cd82dd\" data-id=\"39cd82dd\" data-element_type=\"column\">\n\t\t\t<div class=\"elementor-widget-wrap elementor-element-populated\">\n\t\t\t\t\t\t<div class=\"elementor-element elementor-element-403b05dc elementor-widget elementor-widget-heading\" data-id=\"403b05dc\" data-element_type=\"widget\" data-widget_type=\"heading.default\">\n\t\t\t\t<div class=\"elementor-widget-container\">\n\t\t\t\t\t<h3 class=\"elementor-heading-title elementor-size-small\">Support<\/h3>\t\t\t\t<\/div>\n\t\t\t\t<\/div>\n\t\t\t\t<section class=\"elementor-section elementor-inner-section elementor-element elementor-element-4984bbdf elementor-section-boxed elementor-section-height-default elementor-section-height-default\" data-id=\"4984bbdf\" data-element_type=\"section\">\n\t\t\t\t\t\t<div class=\"elementor-container elementor-column-gap-extended\">\n\t\t\t\t\t<div class=\"elementor-column elementor-col-25 elementor-inner-column elementor-element elementor-element-61bd916f\" data-id=\"61bd916f\" data-element_type=\"column\">\n\t\t\t<div class=\"elementor-widget-wrap elementor-element-populated\">\n\t\t\t\t\t\t<div class=\"elementor-element elementor-element-7ea8518a elementor-widget elementor-widget-image\" data-id=\"7ea8518a\" data-element_type=\"widget\" data-widget_type=\"image.default\">\n\t\t\t\t<div class=\"elementor-widget-container\">\n\t\t\t\t\t\t\t\t\t\t\t\t\t\t\t<img fetchpriority=\"high\" decoding=\"async\" width=\"1024\" height=\"360\" src=\"https:\/\/teixeiralab.org\/wp-content\/uploads\/2019\/02\/pew_logo_white-1024x360.png\" class=\"attachment-large size-large wp-image-837\" alt=\"\" srcset=\"https:\/\/teixeiralab.org\/wp-content\/uploads\/2019\/02\/pew_logo_white-1024x360.png 1024w, https:\/\/teixeiralab.org\/wp-content\/uploads\/2019\/02\/pew_logo_white-300x105.png 300w, https:\/\/teixeiralab.org\/wp-content\/uploads\/2019\/02\/pew_logo_white-768x270.png 768w, https:\/\/teixeiralab.org\/wp-content\/uploads\/2019\/02\/pew_logo_white.png 1485w\" sizes=\"(max-width: 1024px) 100vw, 1024px\" \/>\t\t\t\t\t\t\t\t\t\t\t\t\t\t\t<\/div>\n\t\t\t\t<\/div>\n\t\t\t\t\t<\/div>\n\t\t<\/div>\n\t\t\t\t<div class=\"elementor-column elementor-col-25 elementor-inner-column elementor-element elementor-element-1ba36b1e\" data-id=\"1ba36b1e\" data-element_type=\"column\">\n\t\t\t<div class=\"elementor-widget-wrap elementor-element-populated\">\n\t\t\t\t\t\t<div class=\"elementor-element elementor-element-38b27ce2 elementor-widget elementor-widget-image\" data-id=\"38b27ce2\" data-element_type=\"widget\" data-widget_type=\"image.default\">\n\t\t\t\t<div class=\"elementor-widget-container\">\n\t\t\t\t\t\t\t\t\t\t\t\t\t\t\t<img decoding=\"async\" width=\"300\" height=\"95\" src=\"https:\/\/teixeiralab.org\/wp-content\/uploads\/2019\/02\/cnpq-300x95.png\" class=\"attachment-medium size-medium wp-image-828\" alt=\"\" srcset=\"https:\/\/teixeiralab.org\/wp-content\/uploads\/2019\/02\/cnpq-300x95.png 300w, https:\/\/teixeiralab.org\/wp-content\/uploads\/2019\/02\/cnpq-768x242.png 768w, https:\/\/teixeiralab.org\/wp-content\/uploads\/2019\/02\/cnpq-1024x323.png 1024w, https:\/\/teixeiralab.org\/wp-content\/uploads\/2019\/02\/cnpq.png 1324w\" sizes=\"(max-width: 300px) 100vw, 300px\" \/>\t\t\t\t\t\t\t\t\t\t\t\t\t\t\t<\/div>\n\t\t\t\t<\/div>\n\t\t\t\t\t<\/div>\n\t\t<\/div>\n\t\t\t\t<div class=\"elementor-column elementor-col-25 elementor-inner-column elementor-element elementor-element-2517cdb9\" data-id=\"2517cdb9\" data-element_type=\"column\">\n\t\t\t<div class=\"elementor-widget-wrap elementor-element-populated\">\n\t\t\t\t\t\t<div class=\"elementor-element elementor-element-50e6f389 elementor-widget elementor-widget-image\" data-id=\"50e6f389\" data-element_type=\"widget\" data-widget_type=\"image.default\">\n\t\t\t\t<div class=\"elementor-widget-container\">\n\t\t\t\t\t\t\t\t\t\t\t\t\t\t\t<img decoding=\"async\" width=\"1024\" height=\"323\" src=\"https:\/\/teixeiralab.org\/wp-content\/uploads\/2019\/02\/fapesp-1024x323.png\" class=\"attachment-large size-large wp-image-829\" alt=\"\" srcset=\"https:\/\/teixeiralab.org\/wp-content\/uploads\/2019\/02\/fapesp-1024x323.png 1024w, https:\/\/teixeiralab.org\/wp-content\/uploads\/2019\/02\/fapesp-300x95.png 300w, https:\/\/teixeiralab.org\/wp-content\/uploads\/2019\/02\/fapesp-768x242.png 768w, https:\/\/teixeiralab.org\/wp-content\/uploads\/2019\/02\/fapesp.png 1324w\" sizes=\"(max-width: 1024px) 100vw, 1024px\" \/>\t\t\t\t\t\t\t\t\t\t\t\t\t\t\t<\/div>\n\t\t\t\t<\/div>\n\t\t\t\t\t<\/div>\n\t\t<\/div>\n\t\t\t\t<div class=\"elementor-column elementor-col-25 elementor-inner-column elementor-element elementor-element-31e14aee\" data-id=\"31e14aee\" data-element_type=\"column\">\n\t\t\t<div class=\"elementor-widget-wrap elementor-element-populated\">\n\t\t\t\t\t\t<div class=\"elementor-element elementor-element-4354f81d elementor-widget elementor-widget-image\" data-id=\"4354f81d\" data-element_type=\"widget\" data-widget_type=\"image.default\">\n\t\t\t\t<div class=\"elementor-widget-container\">\n\t\t\t\t\t\t\t\t\t\t\t\t\t\t\t<img loading=\"lazy\" decoding=\"async\" width=\"406\" height=\"168\" src=\"https:\/\/teixeiralab.org\/wp-content\/uploads\/2019\/05\/serrapilheira_white.png\" class=\"attachment-large size-large wp-image-1109\" alt=\"\" srcset=\"https:\/\/teixeiralab.org\/wp-content\/uploads\/2019\/05\/serrapilheira_white.png 406w, https:\/\/teixeiralab.org\/wp-content\/uploads\/2019\/05\/serrapilheira_white-300x124.png 300w\" sizes=\"(max-width: 406px) 100vw, 406px\" \/>\t\t\t\t\t\t\t\t\t\t\t\t\t\t\t<\/div>\n\t\t\t\t<\/div>\n\t\t\t\t\t<\/div>\n\t\t<\/div>\n\t\t\t\t\t<\/div>\n\t\t<\/section>\n\t\t\t\t<div class=\"elementor-element elementor-element-18449e54 elementor-widget elementor-widget-text-editor\" data-id=\"18449e54\" data-element_type=\"widget\" data-widget_type=\"text-editor.default\">\n\t\t\t\t<div class=\"elementor-widget-container\">\n\t\t\t\t\t\t\t\t\t<p style=\"text-align: center;\">\u00a9 2019 Paulo Teixeira<\/p>\t\t\t\t\t\t\t\t<\/div>\n\t\t\t\t<\/div>\n\t\t\t\t\t<\/div>\n\t\t<\/div>\n\t\t\t\t\t<\/div>\n\t\t<\/section>\n\t\t\t\t<\/div>","protected":false},"excerpt":{"rendered":"<p>Doen\u00e7as do cacaueiro Quais os mecanismos moleculares da virul\u00eancia de fungos e oomicetos que infectam o cacaueiro? Resist\u00eancia de n\u00e3o-hospedeiro Por que uma bact\u00e9ria patog\u00eanica em citros \u00e9 incapaz de infectar feij\u00e3o, tabaco e outras plantas? Microbioma da soja A comunidade de microrganismos que habitam a folha da soja \u00e9 alterada pela ferrugem asi\u00e1tica? Apoio [&hellip;]<\/p>","protected":false},"author":1,"featured_media":0,"parent":0,"menu_order":0,"comment_status":"closed","ping_status":"closed","template":"","meta":{"_exactmetrics_skip_tracking":false,"_exactmetrics_sitenote_active":false,"_exactmetrics_sitenote_note":"","_exactmetrics_sitenote_category":0,"ocean_post_layout":"full-screen","ocean_both_sidebars_style":"","ocean_both_sidebars_content_width":0,"ocean_both_sidebars_sidebars_width":0,"ocean_sidebar":"0","ocean_second_sidebar":"0","ocean_disable_margins":"on","ocean_add_body_class":"","ocean_shortcode_before_top_bar":"","ocean_shortcode_after_top_bar":"","ocean_shortcode_before_header":"","ocean_shortcode_after_header":"","ocean_has_shortcode":"","ocean_shortcode_after_title":"","ocean_shortcode_before_footer_widgets":"","ocean_shortcode_after_footer_widgets":"","ocean_shortcode_before_footer_bottom":"","ocean_shortcode_after_footer_bottom":"","ocean_display_top_bar":"off","ocean_display_header":"default","ocean_header_style":"minimal","ocean_center_header_left_menu":"0","ocean_custom_header_template":"0","ocean_custom_logo":0,"ocean_custom_retina_logo":0,"ocean_custom_logo_max_width":0,"ocean_custom_logo_tablet_max_width":0,"ocean_custom_logo_mobile_max_width":0,"ocean_custom_logo_max_height":0,"ocean_custom_logo_tablet_max_height":0,"ocean_custom_logo_mobile_max_height":0,"ocean_header_custom_menu":"2","ocean_menu_typo_font_family":"0","ocean_menu_typo_font_subset":"","ocean_menu_typo_font_size":0,"ocean_menu_typo_font_size_tablet":0,"ocean_menu_typo_font_size_mobile":0,"ocean_menu_typo_font_size_unit":"px","ocean_menu_typo_font_weight":"","ocean_menu_typo_font_weight_tablet":"","ocean_menu_typo_font_weight_mobile":"","ocean_menu_typo_transform":"","ocean_menu_typo_transform_tablet":"","ocean_menu_typo_transform_mobile":"","ocean_menu_typo_line_height":0,"ocean_menu_typo_line_height_tablet":0,"ocean_menu_typo_line_height_mobile":0,"ocean_menu_typo_line_height_unit":"","ocean_menu_typo_spacing":0,"ocean_menu_typo_spacing_tablet":0,"ocean_menu_typo_spacing_mobile":0,"ocean_menu_typo_spacing_unit":"","ocean_menu_link_color":"","ocean_menu_link_color_hover":"","ocean_menu_link_color_active":"","ocean_menu_link_background":"","ocean_menu_link_hover_background":"","ocean_menu_link_active_background":"","ocean_menu_social_links_bg":"","ocean_menu_social_hover_links_bg":"","ocean_menu_social_links_color":"","ocean_menu_social_hover_links_color":"","ocean_disable_title":"on","ocean_disable_heading":"default","ocean_post_title":"","ocean_post_subheading":"","ocean_post_title_style":"","ocean_post_title_background_color":"","ocean_post_title_background":0,"ocean_post_title_bg_image_position":"","ocean_post_title_bg_image_attachment":"","ocean_post_title_bg_image_repeat":"","ocean_post_title_bg_image_size":"","ocean_post_title_height":0,"ocean_post_title_bg_overlay":0.5,"ocean_post_title_bg_overlay_color":"","ocean_disable_breadcrumbs":"default","ocean_breadcrumbs_color":"","ocean_breadcrumbs_separator_color":"","ocean_breadcrumbs_links_color":"","ocean_breadcrumbs_links_hover_color":"","ocean_display_footer_widgets":"default","ocean_display_footer_bottom":"default","ocean_custom_footer_template":"0","footnotes":""},"class_list":["post-289","page","type-page","status-publish","hentry","entry"],"_links":{"self":[{"href":"https:\/\/teixeiralab.org\/en\/wp-json\/wp\/v2\/pages\/289","targetHints":{"allow":["GET"]}}],"collection":[{"href":"https:\/\/teixeiralab.org\/en\/wp-json\/wp\/v2\/pages"}],"about":[{"href":"https:\/\/teixeiralab.org\/en\/wp-json\/wp\/v2\/types\/page"}],"author":[{"embeddable":true,"href":"https:\/\/teixeiralab.org\/en\/wp-json\/wp\/v2\/users\/1"}],"replies":[{"embeddable":true,"href":"https:\/\/teixeiralab.org\/en\/wp-json\/wp\/v2\/comments?post=289"}],"version-history":[{"count":26,"href":"https:\/\/teixeiralab.org\/en\/wp-json\/wp\/v2\/pages\/289\/revisions"}],"predecessor-version":[{"id":1654,"href":"https:\/\/teixeiralab.org\/en\/wp-json\/wp\/v2\/pages\/289\/revisions\/1654"}],"wp:attachment":[{"href":"https:\/\/teixeiralab.org\/en\/wp-json\/wp\/v2\/media?parent=289"}],"curies":[{"name":"wp","href":"https:\/\/api.w.org\/{rel}","templated":true}]}}